{"id":1680,"date":"2023-12-18T07:20:50","date_gmt":"2023-12-18T06:20:50","guid":{"rendered":"https:\/\/www.mya.partners\/?page_id=1680"},"modified":"2025-12-04T09:55:37","modified_gmt":"2025-12-04T08:55:37","slug":"partner-netzwerk","status":"publish","type":"page","link":"https:\/\/www.mya.partners\/en\/partner-netzwerk\/","title":{"rendered":"Partner network"},"content":{"rendered":"<div  class=\"fullwidth-section text-light\" style=\"background-color:\"><div class=\"fullwidth-content\" style=\"padding-top:80px;padding-bottom:80px;\">\n<h2><strong>Unser starkes Partner Netzwerk<\/strong><\/h2>\n<p>Entdecken Sie das Partner Netzwerk von MYA &amp; PARTNER f\u00fcr Marketing, Branding und digitale Innovation. Unsere Experten-Kooperationen schaffen erfolgreiche Projekte und st\u00e4rken Marken nachhaltig. Profitieren Sie von innovativen L\u00f6sungen und starken Partnerschaften.<\/p>\n<\/div><\/div><div class=\"spacer spacer-big\"><\/div><div class=\"wrapper\"><div id=\"\" class=\"column-section clearfix spaced-normal  col-align-top no-anim\"><div  class=\"column one-full last-col  no-anim\" >\n<p>Bei MYA &amp; PARTNER setzen wir auf enge Kooperationen mit ausgew\u00e4hlten Experten aus den Bereichen Marketing, Branding und digitale Innovation.<br data-start=\"307\" data-end=\"310\" \/>Unser Netzwerk vereint Spezialisten, die gemeinsam kreative und effiziente L\u00f6sungen f\u00fcr unsere Kunden entwickeln. Durch diese Partnerschaften k\u00f6nnen wir Projekte schneller umsetzen und h\u00f6chste Qualit\u00e4t garantieren. Jeder Partner bringt einzigartiges Know-how ein, das unsere Services erg\u00e4nzt und erweitert. Gemeinsam schaffen wir Mehrwert, der Marken nachhaltig st\u00e4rkt und sichtbar macht. Werden auch Sie Teil unseres Netzwerks und profitieren Sie von starken Verbindungen und innovativen Ideen.<\/p>\n<\/div><\/div><\/div><div class=\"spacer spacer-big\"><\/div><div class=\"wrapper\"><div id=\"\" class=\"column-section clearfix spaced-normal  col-align-top no-anim\"><div  class=\"column one-third   no-anim\" ><div class=\"owl-slider nav-light\" data-nav=\"0\" data-dots=\"0\" data-loop=\"0\" data-autoplay=\"0\"><div><img loading=\"lazy\" decoding=\"async\" src=\"https:\/\/www.mya.partners\/wp-content\/uploads\/2025\/07\/crt_steuerkanzlei.png\" srcset=\"https:\/\/www.mya.partners\/wp-content\/uploads\/2025\/07\/crt_steuerkanzlei.png 1356w,https:\/\/www.mya.partners\/wp-content\/uploads\/2025\/07\/crt_steuerkanzlei.png 1356w,https:\/\/www.mya.partners\/wp-content\/uploads\/2025\/07\/crt_steuerkanzlei-1280x453.png 1280w,https:\/\/www.mya.partners\/wp-content\/uploads\/2025\/07\/crt_steuerkanzlei-640x227.png 640w\" sizes=\"auto, (max-width: 1356px) 100vw, 1356px\" width=\"1356\" height=\"480\" alt=\"crt_steuerkanzlei\" \/><\/div><\/div><\/div><div  class=\"column two-third last-col  no-anim\" >\n<p data-start=\"0\" data-end=\"378\">Seit unserer Gr\u00fcndung pflegen wir eine erfolgreiche Partnerschaft mit der renommierten Steuerkanzlei CRT Carstens &amp; Partner mbB Steuerberatungsgesellschaft. Diese Zusammenarbeit erm\u00f6glicht es uns, eine umfassende und professionelle steuerliche Beratung in unsere Dienstleistungen zu integrieren. Gemeinsam schaffen wir so die Grundlage f\u00fcr unternehmerischen Erfolg und nachhaltige Entwicklung.<\/p>\n<p data-start=\"0\" data-end=\"378\">\n<p data-start=\"0\" data-end=\"378\"><a href=\"https:\/\/www.crtsteuerberatung.de\/\">CRT Carstens &amp; Partner mbB Steuerberatungsgesellschaft<\/a><\/p>\n<\/div><\/div><\/div><div class=\"spacer spacer-big\"><\/div><div class=\"wrapper\"><div id=\"\" class=\"column-section clearfix spaced-normal  col-align-top no-anim\"><div  class=\"column one-third   no-anim\" ><div class=\"owl-slider nav-light\" data-nav=\"0\" data-dots=\"0\" data-loop=\"0\" data-autoplay=\"0\"><div><img loading=\"lazy\" decoding=\"async\" src=\"https:\/\/www.mya.partners\/wp-content\/uploads\/2025\/07\/yavego_uebersetzer.png\" srcset=\"https:\/\/www.mya.partners\/wp-content\/uploads\/2025\/07\/yavego_uebersetzer.png 1356w,https:\/\/www.mya.partners\/wp-content\/uploads\/2025\/07\/yavego_uebersetzer.png 1356w,https:\/\/www.mya.partners\/wp-content\/uploads\/2025\/07\/yavego_uebersetzer-1280x506.png 1280w,https:\/\/www.mya.partners\/wp-content\/uploads\/2025\/07\/yavego_uebersetzer-640x253.png 640w\" sizes=\"auto, (max-width: 1356px) 100vw, 1356px\" width=\"1356\" height=\"536\" alt=\"yavego_\u00fcbersetzer\" \/><\/div><\/div><\/div><div  class=\"column two-third last-col  no-anim\" >\n<p data-start=\"0\" data-end=\"378\">Seit Beginn unserer Zusammenarbeit verbindet uns mit Yavego eine starke Partnerschaft im Bereich professioneller \u00dcbersetzungs- und Lokalisierungsleistungen. Dank der Expertise von Yavego k\u00f6nnen wir internationale Projekte sprachlich pr\u00e4zise und kulturell angepasst umsetzen. Gemeinsam sichern wir so die Qualit\u00e4t und Reichweite unserer Kommunikation \u00fcber Landesgrenzen hinweg.<\/p>\n<p data-start=\"380\" data-end=\"427\" data-is-last-node=\"\" data-is-only-node=\"\"><a href=\"https:\/\/www.yavego.com\/\">Yavego \u2013 Fach\u00fcbersetzungen &amp; Sprachl\u00f6sungen<\/a><\/p>\n<\/div><\/div><\/div><div class=\"spacer spacer-big\"><\/div><div class=\"wrapper\"><div id=\"\" class=\"column-section clearfix spaced-normal  col-align-top no-anim\"><div  class=\"column one-third   no-anim\" ><div class=\"owl-slider nav-light\" data-nav=\"0\" data-dots=\"0\" data-loop=\"0\" data-autoplay=\"0\"><div><img loading=\"lazy\" decoding=\"async\" src=\"https:\/\/www.mya.partners\/wp-content\/uploads\/2025\/07\/freidl_wurtz_werk_kanzlei_bremerhaven.png\" srcset=\"https:\/\/www.mya.partners\/wp-content\/uploads\/2025\/07\/freidl_wurtz_werk_kanzlei_bremerhaven.png 1356w,https:\/\/www.mya.partners\/wp-content\/uploads\/2025\/07\/freidl_wurtz_werk_kanzlei_bremerhaven.png 1356w,https:\/\/www.mya.partners\/wp-content\/uploads\/2025\/07\/freidl_wurtz_werk_kanzlei_bremerhaven-1280x453.png 1280w,https:\/\/www.mya.partners\/wp-content\/uploads\/2025\/07\/freidl_wurtz_werk_kanzlei_bremerhaven-640x227.png 640w\" sizes=\"auto, (max-width: 1356px) 100vw, 1356px\" width=\"1356\" height=\"480\" alt=\"freidl_wurtz_werk_kanzlei_bremerhaven\" \/><\/div><\/div><\/div><div  class=\"column two-third last-col  no-anim\" >\n<p>Mit der Kanzlei Werk, Wurtz &amp; Freidl verbindet uns eine vertrauensvolle und partnerschaftliche Zusammenarbeit in allen juristischen Belangen. Ihre fundierte rechtliche Expertise erg\u00e4nzt unsere Projekte ideal \u2013 von Vertragsgestaltung bis hin zur rechtssicheren Umsetzung komplexer Vorhaben. Gemeinsam sorgen wir f\u00fcr Klarheit, Sicherheit und nachhaltigen Erfolg.<\/p>\n<p><a href=\"https:\/\/www.werk-wurtz.de\/index.html\">Werk, Wurtz &amp; Freidl \u2013 Rechtsanw\u00e4lte &amp; Fachanw\u00e4lte<\/a><\/p>\n<\/div><\/div><\/div><div class=\"spacer spacer-big\"><\/div><div class=\"owl-slider nav-light\" data-nav=\"0\" data-dots=\"0\" data-loop=\"1\" data-autoplay=\"1\"><div><img loading=\"lazy\" decoding=\"async\" src=\"https:\/\/www.mya.partners\/wp-content\/uploads\/2021\/02\/Brands-Internationa-myapartner-bremerhaven.png\" srcset=\"https:\/\/www.mya.partners\/wp-content\/uploads\/2021\/02\/Brands-Internationa-myapartner-bremerhaven.png 2550w,https:\/\/www.mya.partners\/wp-content\/uploads\/2021\/02\/Brands-Internationa-myapartner-bremerhaven-1680x220.png 1680w,https:\/\/www.mya.partners\/wp-content\/uploads\/2021\/02\/Brands-Internationa-myapartner-bremerhaven-1280x168.png 1280w,https:\/\/www.mya.partners\/wp-content\/uploads\/2021\/02\/Brands-Internationa-myapartner-bremerhaven-640x84.png 640w\" sizes=\"auto, (max-width: 2550px) 100vw, 2550px\" width=\"2550\" height=\"334\" alt=\"Brands-Internationa-myapartner-bremerhaven\" \/><\/div><div><img loading=\"lazy\" decoding=\"async\" src=\"https:\/\/www.mya.partners\/wp-content\/uploads\/2021\/02\/brands-International-myapartner-bremerhaven-offshore-bilgic-benli.png\" srcset=\"https:\/\/www.mya.partners\/wp-content\/uploads\/2021\/02\/brands-International-myapartner-bremerhaven-offshore-bilgic-benli.png 2550w,https:\/\/www.mya.partners\/wp-content\/uploads\/2021\/02\/brands-International-myapartner-bremerhaven-offshore-bilgic-benli-1680x220.png 1680w,https:\/\/www.mya.partners\/wp-content\/uploads\/2021\/02\/brands-International-myapartner-bremerhaven-offshore-bilgic-benli-1280x168.png 1280w,https:\/\/www.mya.partners\/wp-content\/uploads\/2021\/02\/brands-International-myapartner-bremerhaven-offshore-bilgic-benli-640x84.png 640w\" sizes=\"auto, (max-width: 2550px) 100vw, 2550px\" width=\"2550\" height=\"334\" alt=\"brands-International-myapartner-bremerhaven-offshore-bilgic-benli\" \/><\/div><div><img loading=\"lazy\" decoding=\"async\" src=\"https:\/\/www.mya.partners\/wp-content\/uploads\/2021\/02\/brands-International-myapartner-bremerhaven-offshore-bilgic-benli-1.png\" srcset=\"https:\/\/www.mya.partners\/wp-content\/uploads\/2021\/02\/brands-International-myapartner-bremerhaven-offshore-bilgic-benli-1.png 2550w,https:\/\/www.mya.partners\/wp-content\/uploads\/2021\/02\/brands-International-myapartner-bremerhaven-offshore-bilgic-benli-1-1680x220.png 1680w,https:\/\/www.mya.partners\/wp-content\/uploads\/2021\/02\/brands-International-myapartner-bremerhaven-offshore-bilgic-benli-1-1280x168.png 1280w,https:\/\/www.mya.partners\/wp-content\/uploads\/2021\/02\/brands-International-myapartner-bremerhaven-offshore-bilgic-benli-1-640x84.png 640w\" sizes=\"auto, (max-width: 2550px) 100vw, 2550px\" width=\"2550\" height=\"334\" alt=\"brands-International-myapartner-bremerhaven-offshore-bilgic-benli\" \/><\/div><\/div><div class=\"spacer spacer-big\"><\/div>\n<h3><a href=\"https:\/\/www.benli-gruppe.de\">BENLI Unternehmensgruppe<\/a><\/h3>\n<h3><a href=\"https:\/\/www.larakeuthen.com\/\">Lara Keuthen\u00a0<\/a><\/h3>\n<h3><a href=\"https:\/\/www.instagram.com\/jill_asemota\/\"><strong>Jill Asemota<\/strong><\/a><\/h3>\n<h3><a href=\"https:\/\/www.volksbankeg.de\/\"><strong>Volksbank im Elbe-Weser-Dreieck eG<\/strong><\/a><\/h3>\n<h3><a href=\"https:\/\/www.vogue.de\/mode\/artikel\/fussball-mode-interview-jill-asemota\"><strong>VOGUE<\/strong><\/a><\/h3>\n<div class=\"spacer spacer-big\"><\/div><div  class=\"fullwidth-section text-light forcefullwidth\" style=\"background-color:#dd9933\"><div class=\"fullwidth-content\" style=\"padding-top:80px;padding-bottom:80px;\"><div class=\"wrapper\"><div id=\"\" class=\"column-section clearfix spaced-normal  col-align-top no-anim\"><div  class=\"column one-half   no-anim\" >\n<h3 class=\"WebForm-title u-textUppercase\">LET'S START A PROJECT!<\/h3>\n<p>Do you already have a project and would like to work with us? We look forward to hearing from you and will contact you immediately to discuss further details.<\/p>\n<\/div><div  class=\"column one-half last-col  no-anim\" >\n<h3 class=\"WebForm-title u-textUppercase\" style=\"text-align: right;\">LET\u2019S GET IN TOUCH!<\/h3>\n<p style=\"text-align: right;\">E-Mail:\u00a0<a href=\"mailto:hellobremerhaven@mya.partners\">hellobremerhaven@mya.partners<\/a><br \/>\nPhone:\u00a0<a href=\"phoneto:047130403394\">+49 (0) 471 30 40 33 94<\/a><\/p>\n<\/div><\/div><\/div><\/div><\/div>","protected":false},"excerpt":{"rendered":"<p>BENLI Unternehmensgruppe Lara Keuthen\u00a0 Jill Asemota Volksbank im Elbe-Weser-Dreieck eG VOGUE<\/p>","protected":false},"author":2,"featured_media":1206,"parent":0,"menu_order":0,"comment_status":"closed","ping_status":"closed","template":"","meta":{"footnotes":""},"class_list":["post-1680","page","type-page","status-publish","has-post-thumbnail","hentry","isotope-item"],"yoast_head":"<!-- This site is optimized with the Yoast SEO plugin v27.4 - https:\/\/yoast.com\/product\/yoast-seo-wordpress\/ -->\n<title>Netzwerk Partner \u2013 Strategische Kooperationen f\u00fcr Marken<\/title>\n<meta name=\"description\" content=\"Entdecken Sie das Partner Netzwerk von MYA &amp; PARTNER \u2013 starke Kooperationen mit Experten f\u00fcr Marketing, Branding und digitale Innovationen.\" \/>\n<meta name=\"robots\" content=\"index, follow, max-snippet:-1, max-image-preview:large, max-video-preview:-1\" \/>\n<link rel=\"canonical\" href=\"https:\/\/www.mya.partners\/en\/partner-netzwerk\/\" \/>\n<meta property=\"og:locale\" content=\"de_DE\" \/>\n<meta property=\"og:type\" content=\"article\" \/>\n<meta property=\"og:title\" content=\"Netzwerk Partner \u2013 Strategische Kooperationen f\u00fcr Marken\" \/>\n<meta property=\"og:description\" content=\"Entdecken Sie das Partner Netzwerk von MYA &amp; PARTNER \u2013 starke Kooperationen mit Experten f\u00fcr Marketing, Branding und digitale Innovationen.\" \/>\n<meta property=\"og:url\" content=\"https:\/\/www.mya.partners\/en\/partner-netzwerk\/\" \/>\n<meta property=\"og:site_name\" content=\"Kreative Exzellenz in Marketing und Design: Entdecken Sie MYA &amp; PARTNER f\u00fcr innovative L\u00f6sungen und einzigartige Markenerlebnisse.\" \/>\n<meta property=\"article:modified_time\" content=\"2025-12-04T08:55:37+00:00\" \/>\n<meta property=\"og:image\" content=\"https:\/\/www.mya.partners\/wp-content\/uploads\/2021\/01\/jill-asemota-1200-800-dior.jpg\" \/>\n\t<meta property=\"og:image:width\" content=\"1200\" \/>\n\t<meta property=\"og:image:height\" content=\"800\" \/>\n\t<meta property=\"og:image:type\" content=\"image\/jpeg\" \/>\n<meta name=\"twitter:card\" content=\"summary_large_image\" \/>\n<meta name=\"twitter:label1\" content=\"Gesch\u00e4tzte Lesezeit\" \/>\n\t<meta name=\"twitter:data1\" content=\"3 minutes\" \/>\n<script type=\"application\/ld+json\" class=\"yoast-schema-graph\">{\"@context\":\"https:\\\/\\\/schema.org\",\"@graph\":[{\"@type\":\"WebPage\",\"@id\":\"https:\\\/\\\/www.mya.partners\\\/partner-netzwerk\\\/\",\"url\":\"https:\\\/\\\/www.mya.partners\\\/partner-netzwerk\\\/\",\"name\":\"Netzwerk Partner \u2013 Strategische Kooperationen f\u00fcr Marken\",\"isPartOf\":{\"@id\":\"https:\\\/\\\/www.mya.partners\\\/#website\"},\"primaryImageOfPage\":{\"@id\":\"https:\\\/\\\/www.mya.partners\\\/partner-netzwerk\\\/#primaryimage\"},\"image\":{\"@id\":\"https:\\\/\\\/www.mya.partners\\\/partner-netzwerk\\\/#primaryimage\"},\"thumbnailUrl\":\"https:\\\/\\\/www.mya.partners\\\/wp-content\\\/uploads\\\/2021\\\/01\\\/jill-asemota-1200-800-dior.jpg\",\"datePublished\":\"2023-12-18T06:20:50+00:00\",\"dateModified\":\"2025-12-04T08:55:37+00:00\",\"description\":\"Entdecken Sie das Partner Netzwerk von MYA & PARTNER \u2013 starke Kooperationen mit Experten f\u00fcr Marketing, Branding und digitale Innovationen.\",\"breadcrumb\":{\"@id\":\"https:\\\/\\\/www.mya.partners\\\/partner-netzwerk\\\/#breadcrumb\"},\"inLanguage\":\"de-DE\",\"potentialAction\":[{\"@type\":\"ReadAction\",\"target\":[\"https:\\\/\\\/www.mya.partners\\\/partner-netzwerk\\\/\"]}]},{\"@type\":\"ImageObject\",\"inLanguage\":\"de-DE\",\"@id\":\"https:\\\/\\\/www.mya.partners\\\/partner-netzwerk\\\/#primaryimage\",\"url\":\"https:\\\/\\\/www.mya.partners\\\/wp-content\\\/uploads\\\/2021\\\/01\\\/jill-asemota-1200-800-dior.jpg\",\"contentUrl\":\"https:\\\/\\\/www.mya.partners\\\/wp-content\\\/uploads\\\/2021\\\/01\\\/jill-asemota-1200-800-dior.jpg\",\"width\":1200,\"height\":800},{\"@type\":\"BreadcrumbList\",\"@id\":\"https:\\\/\\\/www.mya.partners\\\/partner-netzwerk\\\/#breadcrumb\",\"itemListElement\":[{\"@type\":\"ListItem\",\"position\":1,\"name\":\"Home\",\"item\":\"https:\\\/\\\/www.mya.partners\\\/\"},{\"@type\":\"ListItem\",\"position\":2,\"name\":\"Partner Netzwerk\"}]},{\"@type\":\"WebSite\",\"@id\":\"https:\\\/\\\/www.mya.partners\\\/#website\",\"url\":\"https:\\\/\\\/www.mya.partners\\\/\",\"name\":\"Wir entwickeln digitale L\u00f6sungen.\",\"description\":\"MYA &amp; PARTNER \u2013 Ihre innovative Agentur f\u00fcr Webentwicklung, E-Commerce, Branding und Marketing.\",\"alternateName\":\"Wir entwickeln digitale L\u00f6sungen.\",\"potentialAction\":[{\"@type\":\"SearchAction\",\"target\":{\"@type\":\"EntryPoint\",\"urlTemplate\":\"https:\\\/\\\/www.mya.partners\\\/?s={search_term_string}\"},\"query-input\":{\"@type\":\"PropertyValueSpecification\",\"valueRequired\":true,\"valueName\":\"search_term_string\"}}],\"inLanguage\":\"de-DE\"}]}<\/script>\n<!-- \/ Yoast SEO plugin. -->","yoast_head_json":{"title":"Netzwerk Partner \u2013 Strategische Kooperationen f\u00fcr Marken","description":"Entdecken Sie das Partner Netzwerk von MYA & PARTNER \u2013 starke Kooperationen mit Experten f\u00fcr Marketing, Branding und digitale Innovationen.","robots":{"index":"index","follow":"follow","max-snippet":"max-snippet:-1","max-image-preview":"max-image-preview:large","max-video-preview":"max-video-preview:-1"},"canonical":"https:\/\/www.mya.partners\/en\/partner-netzwerk\/","og_locale":"de_DE","og_type":"article","og_title":"Netzwerk Partner \u2013 Strategische Kooperationen f\u00fcr Marken","og_description":"Entdecken Sie das Partner Netzwerk von MYA & PARTNER \u2013 starke Kooperationen mit Experten f\u00fcr Marketing, Branding und digitale Innovationen.","og_url":"https:\/\/www.mya.partners\/en\/partner-netzwerk\/","og_site_name":"Kreative Exzellenz in Marketing und Design: Entdecken Sie MYA &amp; PARTNER f\u00fcr innovative L\u00f6sungen und einzigartige Markenerlebnisse.","article_modified_time":"2025-12-04T08:55:37+00:00","og_image":[{"width":1200,"height":800,"url":"https:\/\/www.mya.partners\/wp-content\/uploads\/2021\/01\/jill-asemota-1200-800-dior.jpg","type":"image\/jpeg"}],"twitter_card":"summary_large_image","twitter_misc":{"Gesch\u00e4tzte Lesezeit":"3 minutes"},"schema":{"@context":"https:\/\/schema.org","@graph":[{"@type":"WebPage","@id":"https:\/\/www.mya.partners\/partner-netzwerk\/","url":"https:\/\/www.mya.partners\/partner-netzwerk\/","name":"Netzwerk Partner \u2013 Strategische Kooperationen f\u00fcr Marken","isPartOf":{"@id":"https:\/\/www.mya.partners\/#website"},"primaryImageOfPage":{"@id":"https:\/\/www.mya.partners\/partner-netzwerk\/#primaryimage"},"image":{"@id":"https:\/\/www.mya.partners\/partner-netzwerk\/#primaryimage"},"thumbnailUrl":"https:\/\/www.mya.partners\/wp-content\/uploads\/2021\/01\/jill-asemota-1200-800-dior.jpg","datePublished":"2023-12-18T06:20:50+00:00","dateModified":"2025-12-04T08:55:37+00:00","description":"Entdecken Sie das Partner Netzwerk von MYA & PARTNER \u2013 starke Kooperationen mit Experten f\u00fcr Marketing, Branding und digitale Innovationen.","breadcrumb":{"@id":"https:\/\/www.mya.partners\/partner-netzwerk\/#breadcrumb"},"inLanguage":"de-DE","potentialAction":[{"@type":"ReadAction","target":["https:\/\/www.mya.partners\/partner-netzwerk\/"]}]},{"@type":"ImageObject","inLanguage":"de-DE","@id":"https:\/\/www.mya.partners\/partner-netzwerk\/#primaryimage","url":"https:\/\/www.mya.partners\/wp-content\/uploads\/2021\/01\/jill-asemota-1200-800-dior.jpg","contentUrl":"https:\/\/www.mya.partners\/wp-content\/uploads\/2021\/01\/jill-asemota-1200-800-dior.jpg","width":1200,"height":800},{"@type":"BreadcrumbList","@id":"https:\/\/www.mya.partners\/partner-netzwerk\/#breadcrumb","itemListElement":[{"@type":"ListItem","position":1,"name":"Home","item":"https:\/\/www.mya.partners\/"},{"@type":"ListItem","position":2,"name":"Partner Netzwerk"}]},{"@type":"WebSite","@id":"https:\/\/www.mya.partners\/#website","url":"https:\/\/www.mya.partners\/","name":"Wir entwickeln digitale L\u00f6sungen.","description":"MYA &amp; PARTNER \u2013 Ihre innovative Agentur f\u00fcr Webentwicklung, E-Commerce, Branding und Marketing.","alternateName":"Wir entwickeln digitale L\u00f6sungen.","potentialAction":[{"@type":"SearchAction","target":{"@type":"EntryPoint","urlTemplate":"https:\/\/www.mya.partners\/?s={search_term_string}"},"query-input":{"@type":"PropertyValueSpecification","valueRequired":true,"valueName":"search_term_string"}}],"inLanguage":"de-DE"}]}},"_links":{"self":[{"href":"https:\/\/www.mya.partners\/en\/wp-json\/wp\/v2\/pages\/1680","targetHints":{"allow":["GET"]}}],"collection":[{"href":"https:\/\/www.mya.partners\/en\/wp-json\/wp\/v2\/pages"}],"about":[{"href":"https:\/\/www.mya.partners\/en\/wp-json\/wp\/v2\/types\/page"}],"author":[{"embeddable":true,"href":"https:\/\/www.mya.partners\/en\/wp-json\/wp\/v2\/users\/2"}],"replies":[{"embeddable":true,"href":"https:\/\/www.mya.partners\/en\/wp-json\/wp\/v2\/comments?post=1680"}],"version-history":[{"count":33,"href":"https:\/\/www.mya.partners\/en\/wp-json\/wp\/v2\/pages\/1680\/revisions"}],"predecessor-version":[{"id":1895,"href":"https:\/\/www.mya.partners\/en\/wp-json\/wp\/v2\/pages\/1680\/revisions\/1895"}],"wp:featuredmedia":[{"embeddable":true,"href":"https:\/\/www.mya.partners\/en\/wp-json\/wp\/v2\/media\/1206"}],"wp:attachment":[{"href":"https:\/\/www.mya.partners\/en\/wp-json\/wp\/v2\/media?parent=1680"}],"curies":[{"name":"wp","href":"https:\/\/api.w.org\/{rel}","templated":true}]}}